{"id":12205,"date":"2014-06-03T09:46:29","date_gmt":"2014-06-03T13:46:29","guid":{"rendered":"https:\/\/www.2020spaces.com\/suporte\/austria\/"},"modified":"2023-06-16T01:36:56","modified_gmt":"2023-06-16T05:36:56","slug":"austria","status":"publish","type":"page","link":"https:\/\/www.2020spaces.com\/pt-br\/suporte\/austria\/","title":{"rendered":"Austria"},"content":{"rendered":"<div class=\"wpb-content-wrapper\">[vc_row][vc_column width=&#8221;1\/1&#8243;]<ul  class=\"x-nav x-nav-tabs three-up none\"  data-x-element=\"tab_nav\" data-x-params=\"{&quot;orientation&quot;:&quot;vertical&quot;}\" role=\"tablist\"><li  class=\"x-nav-tabs-item active\"  role=\"presentation\"><a id=\"x-legacy-tab-1\" aria-selected=\"true\" aria-controls=\"x-legacy-panel-1\" role=\"tab\" data-x-toggle=\"tab\" data-x-toggleable=\"x-legacy-tab-1\" data-x-toggle-group=\"69dfc91a700c7\">Our Office<\/a><\/li><li  class=\"x-nav-tabs-item\"  role=\"presentation\"><a id=\"x-legacy-tab-2\" aria-selected=\"false\" aria-controls=\"x-legacy-panel-2\" role=\"tab\" data-x-toggle=\"tab\" data-x-toggleable=\"x-legacy-tab-2\" data-x-toggle-group=\"69dfc91a700c7\">Support<\/a><\/li><li id=\"contact\" class=\"x-nav-tabs-item\"  role=\"presentation\"><a id=\"x-legacy-tab-3\" aria-selected=\"false\" aria-controls=\"x-legacy-panel-3\" role=\"tab\" data-x-toggle=\"tab\" data-x-toggleable=\"x-legacy-tab-3\" data-x-toggle-group=\"69dfc91a700c7\">Contact Us<\/a><\/li><\/ul><div  class=\"x-tab-content\" ><div id=\"x-legacy-panel-1\" class=\"x-tab-pane active\"  aria-hidden=\"false\" aria-labelledby=\"x-legacy-tab-1\" role=\"tabpanel\" data-x-toggleable=\"x-legacy-tab-1\"><div  class=\"x-column x-sm x-1-2\" style=\"\" >\n<div id=\"attachment_7321\" style=\"width: 346px\" class=\"wp-caption aligncenter\"><img loading=\"lazy\" decoding=\"async\" aria-describedby=\"caption-attachment-7321\" class=\"wp-image-7321 size-full\" src=\"https:\/\/www.2020spaces.com\/wp-content\/uploads\/2014\/05\/Locations_Austria.png\" alt=\"2020 Office in Austria\" width=\"336\" height=\"301\" srcset=\"https:\/\/www.2020spaces.com\/wp-content\/uploads\/2014\/05\/Locations_Austria.png 336w, https:\/\/www.2020spaces.com\/wp-content\/uploads\/2014\/05\/Locations_Austria-300x268.png 300w, https:\/\/www.2020spaces.com\/wp-content\/uploads\/2014\/05\/Locations_Austria-100x89.png 100w\" sizes=\"auto, (max-width: 336px) 100vw, 336px\" \/><p id=\"caption-attachment-7321\" class=\"wp-caption-text\">2020 Office in Austria<\/p><\/div>\n<\/div>\n<div  class=\"x-column x-sm x-1-2 last\" style=\"\" >\n<h1 style=\"margin:10px 0;font-size:2em;font-weight:bold;\">2020 office in Austria<\/h1>\n<p>2020 Austria office is located in Wiener Neustadt with a team dedicated to meeting all of your needs. Looking for people and solutions to help you make smart design and space planning decisions?<\/p>\n<p>Connect to your local 2020 expert today or call us.<\/p>\n<p><strong>Interested in joining a fun, dynamic team?<\/strong><br \/>\nWe\u2019re always looking for top talent. Visit our <a title=\"2020 Careers\" href=\"https:\/\/www.2020spaces.com\/pt-br\/quem-somos\/careers\/\" target=\"_blank\" rel=\"noopener\">career section <\/a>to see current job openings.<\/p>\n<\/div><\/div><div id=\"x-legacy-panel-2\" class=\"x-tab-pane\"  aria-hidden=\"true\" aria-labelledby=\"x-legacy-tab-2\" role=\"tabpanel\" data-x-toggleable=\"x-legacy-tab-2\">We\u2019re always adding productivity-boosting features to our products. To download the latest software updates through our support site, login to <a title=\"Log in to 2020.net\" href=\"https:\/\/2020.net\/Login.aspx\" target=\"_blank\" rel=\"noopener\"><strong>2020 Customer Support<\/strong> <\/a>website.<\/p>\n<div  class=\"x-column x-sm x-1-3\" style=\"\" >\n<h5>Technical Support<\/h5>\n<p>Whether by email, phone or live chat, 2020 offers unparalleled technical support for all of its customers on the Maintenance and Support plans.<\/p>\n<p><strong>For more information<br \/>\n<\/strong>Contact your local account representative to learn how we can help your company build better spaces!<\/div>\n<div  class=\"x-column x-sm x-1-3\" style=\"\" >\n<h5>Product Documentation<\/h5>\n<p>From PDF tutorials to best-practice documents, 2020 has clear, concise documentation to optimize your use of our products. <a title=\"2020 Products\" href=\"https:\/\/www.2020spaces.com\/pt-br\/produtos-2020\/\">Download<\/a> the most recent product brochure, learn about new features and watch short product videos<\/div>\n<div  class=\"x-column x-sm x-1-3 last\" style=\"\" >\n<h5>Training<\/h5>\n<p>Get a head start! 2020 Training solutions are designed to help you get the most out of your 2020 investment. Train in a classroom or choose virtual instructor-led classes. We also have a self-paced training option that lets you learn at your own convenience.<\/p>\n<p><a title=\"Contact Us\" href=\"https:\/\/www.2020spaces.com\/about\/contact-us\/\">Find the class that\u2019s right for you! <\/a><\/div><\/div><div id=\"x-legacy-panel-3\" class=\"x-tab-pane\"  aria-hidden=\"true\" aria-labelledby=\"x-legacy-tab-3\" role=\"tabpanel\" data-x-toggleable=\"x-legacy-tab-3\"><div  class=\"x-column x-sm x-1-2\" style=\"\" >\n<div id=\"attachment_7321\" style=\"width: 346px\" class=\"wp-caption aligncenter\"><img loading=\"lazy\" decoding=\"async\" aria-describedby=\"caption-attachment-7321\" class=\"wp-image-7321 size-full\" src=\"https:\/\/www.2020spaces.com\/wp-content\/uploads\/2014\/05\/Locations_Austria.png\" alt=\"2020 Office in Austria\" width=\"336\" height=\"301\" srcset=\"https:\/\/www.2020spaces.com\/wp-content\/uploads\/2014\/05\/Locations_Austria.png 336w, https:\/\/www.2020spaces.com\/wp-content\/uploads\/2014\/05\/Locations_Austria-300x268.png 300w, https:\/\/www.2020spaces.com\/wp-content\/uploads\/2014\/05\/Locations_Austria-100x89.png 100w\" sizes=\"auto, (max-width: 336px) 100vw, 336px\" \/><p id=\"caption-attachment-7321\" class=\"wp-caption-text\">2020 Office in Austria<\/p><\/div>\n<\/div>\n<div  class=\"x-column x-sm x-1-2 last\" style=\"\" >\n<hr  class=\"x-gap\" style=\"margin: 80px 0 0 0;\">\n<p><strong>Wiener Neustadt, Austria<\/strong><br \/>\nFischauer Gasse 152,<br \/>\n2700 Wiener Neustadt<br \/>\nAustria<br \/>\nSales: + 43.2622.28600.11<br \/>\n<\/div><\/div><\/div>[\/vc_column][\/vc_row]\n<\/div>","protected":false},"excerpt":{"rendered":"<p>[vc_row][vc_column width=&#8221;1\/1&#8243;][\/vc_column][\/vc_row]<\/p>\n","protected":false},"author":1,"featured_media":0,"parent":10794,"menu_order":0,"comment_status":"open","ping_status":"closed","template":"template-blank-1.php","meta":{"_bbp_topic_count":0,"_bbp_reply_count":0,"_bbp_total_topic_count":0,"_bbp_total_reply_count":0,"_bbp_voice_count":0,"_bbp_anonymous_reply_count":0,"_bbp_topic_count_hidden":0,"_bbp_reply_count_hidden":0,"_bbp_forum_subforum_count":0,"footnotes":""},"categories":[],"class_list":["post-12205","page","type-page","status-publish","hentry","no-post-thumbnail"],"pp_force_visibility":null,"pp_subpost_visibility":null,"pp_inherited_force_visibility":null,"pp_inherited_subpost_visibility":null,"yoast_head":"<!-- This site is optimized with the Yoast SEO Premium plugin v26.7 (Yoast SEO v26.7) - https:\/\/yoast.com\/wordpress\/plugins\/seo\/ -->\n<title>2020 - \u00c1ustria - 2020 Austria office is located in Wiener Neustadt<\/title>\n<meta name=\"description\" content=\"2020 O escrit\u00f3rio da \u00c1ustria est\u00e1 localizado em Wiener Neustadt com uma equipe dedicada a atender a todas as suas necessidades.\" \/>\n<meta name=\"robots\" content=\"index, follow, max-snippet:-1, max-image-preview:large, max-video-preview:-1\" \/>\n<link rel=\"canonical\" href=\"https:\/\/www.2020spaces.com\/pt-br\/suporte\/austria\/\" \/>\n<meta property=\"og:locale\" content=\"pt_BR\" \/>\n<meta property=\"og:type\" content=\"article\" \/>\n<meta property=\"og:title\" content=\"Austria\" \/>\n<meta property=\"og:description\" content=\"2020 O escrit\u00f3rio da \u00c1ustria est\u00e1 localizado em Wiener Neustadt com uma equipe dedicada a atender a todas as suas necessidades.\" \/>\n<meta property=\"og:url\" content=\"https:\/\/www.2020spaces.com\/pt-br\/suporte\/austria\/\" \/>\n<meta property=\"og:site_name\" content=\"2020\" \/>\n<meta property=\"article:publisher\" content=\"https:\/\/www.facebook.com\/2020spaces\" \/>\n<meta property=\"article:modified_time\" content=\"2023-06-16T05:36:56+00:00\" \/>\n<meta property=\"og:image\" content=\"https:\/\/www.2020spaces.com\/wp-content\/uploads\/2014\/05\/Locations_Austria.png\" \/>\n<meta name=\"twitter:card\" content=\"summary_large_image\" \/>\n<meta name=\"twitter:site\" content=\"@2020spaces\" \/>\n<meta name=\"twitter:label1\" content=\"Est. tempo de leitura\" \/>\n\t<meta name=\"twitter:data1\" content=\"2 minutos\" \/>\n<script type=\"application\/ld+json\" class=\"yoast-schema-graph\">{\"@context\":\"https:\/\/schema.org\",\"@graph\":[{\"@type\":\"WebPage\",\"@id\":\"https:\/\/www.2020spaces.com\/pt-br\/suporte\/austria\/\",\"url\":\"https:\/\/www.2020spaces.com\/pt-br\/suporte\/austria\/\",\"name\":\"2020 - \u00c1ustria - 2020 Austria office is located in Wiener Neustadt\",\"isPartOf\":{\"@id\":\"https:\/\/www.2020spaces.com\/#website\"},\"primaryImageOfPage\":{\"@id\":\"https:\/\/www.2020spaces.com\/pt-br\/suporte\/austria\/#primaryimage\"},\"image\":{\"@id\":\"https:\/\/www.2020spaces.com\/pt-br\/suporte\/austria\/#primaryimage\"},\"thumbnailUrl\":\"https:\/\/www.2020spaces.com\/wp-content\/uploads\/2014\/05\/Locations_Austria.png\",\"datePublished\":\"2014-06-03T13:46:29+00:00\",\"dateModified\":\"2023-06-16T05:36:56+00:00\",\"description\":\"2020 O escrit\u00f3rio da \u00c1ustria est\u00e1 localizado em Wiener Neustadt com uma equipe dedicada a atender a todas as suas necessidades.\",\"breadcrumb\":{\"@id\":\"https:\/\/www.2020spaces.com\/pt-br\/suporte\/austria\/#breadcrumb\"},\"inLanguage\":\"pt-BR\",\"potentialAction\":[{\"@type\":\"ReadAction\",\"target\":[\"https:\/\/www.2020spaces.com\/pt-br\/suporte\/austria\/\"]}]},{\"@type\":\"ImageObject\",\"inLanguage\":\"pt-BR\",\"@id\":\"https:\/\/www.2020spaces.com\/pt-br\/suporte\/austria\/#primaryimage\",\"url\":\"https:\/\/www.2020spaces.com\/wp-content\/uploads\/2014\/05\/Locations_Austria.png\",\"contentUrl\":\"https:\/\/www.2020spaces.com\/wp-content\/uploads\/2014\/05\/Locations_Austria.png\"},{\"@type\":\"BreadcrumbList\",\"@id\":\"https:\/\/www.2020spaces.com\/pt-br\/suporte\/austria\/#breadcrumb\",\"itemListElement\":[{\"@type\":\"ListItem\",\"position\":1,\"name\":\"Home\",\"item\":\"https:\/\/www.2020spaces.com\/pt-br\/pagina-inicial-2-2\/\"},{\"@type\":\"ListItem\",\"position\":2,\"name\":\"Suporte\",\"item\":\"https:\/\/www.2020spaces.com\/pt-br\/suporte\/\"},{\"@type\":\"ListItem\",\"position\":3,\"name\":\"Austria\"}]},{\"@type\":\"WebSite\",\"@id\":\"https:\/\/www.2020spaces.com\/#website\",\"url\":\"https:\/\/www.2020spaces.com\/\",\"name\":\"2020\",\"description\":\"Making Spaces for Life\u2122\",\"potentialAction\":[{\"@type\":\"SearchAction\",\"target\":{\"@type\":\"EntryPoint\",\"urlTemplate\":\"https:\/\/www.2020spaces.com\/?s={search_term_string}\"},\"query-input\":{\"@type\":\"PropertyValueSpecification\",\"valueRequired\":true,\"valueName\":\"search_term_string\"}}],\"inLanguage\":\"pt-BR\"}]}<\/script>\n<!-- \/ Yoast SEO Premium plugin. -->","yoast_head_json":{"title":"2020 - \u00c1ustria - 2020 Austria office is located in Wiener Neustadt","description":"2020 O escrit\u00f3rio da \u00c1ustria est\u00e1 localizado em Wiener Neustadt com uma equipe dedicada a atender a todas as suas necessidades.","robots":{"index":"index","follow":"follow","max-snippet":"max-snippet:-1","max-image-preview":"max-image-preview:large","max-video-preview":"max-video-preview:-1"},"canonical":"https:\/\/www.2020spaces.com\/pt-br\/suporte\/austria\/","og_locale":"pt_BR","og_type":"article","og_title":"Austria","og_description":"2020 O escrit\u00f3rio da \u00c1ustria est\u00e1 localizado em Wiener Neustadt com uma equipe dedicada a atender a todas as suas necessidades.","og_url":"https:\/\/www.2020spaces.com\/pt-br\/suporte\/austria\/","og_site_name":"2020","article_publisher":"https:\/\/www.facebook.com\/2020spaces","article_modified_time":"2023-06-16T05:36:56+00:00","og_image":[{"url":"https:\/\/www.2020spaces.com\/wp-content\/uploads\/2014\/05\/Locations_Austria.png","type":"","width":"","height":""}],"twitter_card":"summary_large_image","twitter_site":"@2020spaces","twitter_misc":{"Est. tempo de leitura":"2 minutos"},"schema":{"@context":"https:\/\/schema.org","@graph":[{"@type":"WebPage","@id":"https:\/\/www.2020spaces.com\/pt-br\/suporte\/austria\/","url":"https:\/\/www.2020spaces.com\/pt-br\/suporte\/austria\/","name":"2020 - \u00c1ustria - 2020 Austria office is located in Wiener Neustadt","isPartOf":{"@id":"https:\/\/www.2020spaces.com\/#website"},"primaryImageOfPage":{"@id":"https:\/\/www.2020spaces.com\/pt-br\/suporte\/austria\/#primaryimage"},"image":{"@id":"https:\/\/www.2020spaces.com\/pt-br\/suporte\/austria\/#primaryimage"},"thumbnailUrl":"https:\/\/www.2020spaces.com\/wp-content\/uploads\/2014\/05\/Locations_Austria.png","datePublished":"2014-06-03T13:46:29+00:00","dateModified":"2023-06-16T05:36:56+00:00","description":"2020 O escrit\u00f3rio da \u00c1ustria est\u00e1 localizado em Wiener Neustadt com uma equipe dedicada a atender a todas as suas necessidades.","breadcrumb":{"@id":"https:\/\/www.2020spaces.com\/pt-br\/suporte\/austria\/#breadcrumb"},"inLanguage":"pt-BR","potentialAction":[{"@type":"ReadAction","target":["https:\/\/www.2020spaces.com\/pt-br\/suporte\/austria\/"]}]},{"@type":"ImageObject","inLanguage":"pt-BR","@id":"https:\/\/www.2020spaces.com\/pt-br\/suporte\/austria\/#primaryimage","url":"https:\/\/www.2020spaces.com\/wp-content\/uploads\/2014\/05\/Locations_Austria.png","contentUrl":"https:\/\/www.2020spaces.com\/wp-content\/uploads\/2014\/05\/Locations_Austria.png"},{"@type":"BreadcrumbList","@id":"https:\/\/www.2020spaces.com\/pt-br\/suporte\/austria\/#breadcrumb","itemListElement":[{"@type":"ListItem","position":1,"name":"Home","item":"https:\/\/www.2020spaces.com\/pt-br\/pagina-inicial-2-2\/"},{"@type":"ListItem","position":2,"name":"Suporte","item":"https:\/\/www.2020spaces.com\/pt-br\/suporte\/"},{"@type":"ListItem","position":3,"name":"Austria"}]},{"@type":"WebSite","@id":"https:\/\/www.2020spaces.com\/#website","url":"https:\/\/www.2020spaces.com\/","name":"2020","description":"Making Spaces for Life\u2122","potentialAction":[{"@type":"SearchAction","target":{"@type":"EntryPoint","urlTemplate":"https:\/\/www.2020spaces.com\/?s={search_term_string}"},"query-input":{"@type":"PropertyValueSpecification","valueRequired":true,"valueName":"search_term_string"}}],"inLanguage":"pt-BR"}]}},"_links":{"self":[{"href":"https:\/\/www.2020spaces.com\/pt-br\/wp-json\/wp\/v2\/pages\/12205","targetHints":{"allow":["GET"]}}],"collection":[{"href":"https:\/\/www.2020spaces.com\/pt-br\/wp-json\/wp\/v2\/pages"}],"about":[{"href":"https:\/\/www.2020spaces.com\/pt-br\/wp-json\/wp\/v2\/types\/page"}],"author":[{"embeddable":true,"href":"https:\/\/www.2020spaces.com\/pt-br\/wp-json\/wp\/v2\/users\/1"}],"replies":[{"embeddable":true,"href":"https:\/\/www.2020spaces.com\/pt-br\/wp-json\/wp\/v2\/comments?post=12205"}],"version-history":[{"count":0,"href":"https:\/\/www.2020spaces.com\/pt-br\/wp-json\/wp\/v2\/pages\/12205\/revisions"}],"up":[{"embeddable":true,"href":"https:\/\/www.2020spaces.com\/pt-br\/wp-json\/wp\/v2\/pages\/10794"}],"wp:attachment":[{"href":"https:\/\/www.2020spaces.com\/pt-br\/wp-json\/wp\/v2\/media?parent=12205"}],"wp:term":[{"taxonomy":"category","embeddable":true,"href":"https:\/\/www.2020spaces.com\/pt-br\/wp-json\/wp\/v2\/categories?post=12205"}],"curies":[{"name":"wp","href":"https:\/\/api.w.org\/{rel}","templated":true}]}}