{"id":169842,"date":"2017-11-29T12:31:14","date_gmt":"2017-11-29T17:31:14","guid":{"rendered":"https:\/\/www.2020spaces.com\/solucoes\/kitchen-bath-designers\/"},"modified":"2023-10-31T21:42:28","modified_gmt":"2023-11-01T01:42:28","slug":"kitchen-bath-designers","status":"publish","type":"page","link":"https:\/\/www.2020spaces.com\/pt-br\/solucoes\/kitchen-bath-designers\/","title":{"rendered":"Solutions for Kitchen and Bath Designers"},"content":{"rendered":"<div id=\"cs-content\" class=\"cs-content\"><\/div>\n","protected":false},"excerpt":{"rendered":"<p>The best tool for kitchen, bath and closet remodeling 2020 software for kitchen, bath and closet designers and re-modelers has everything needed to quickly create stunning designs that will impress your customers. All the interior design and business tools you need to run a successful interior design business.Designed by Alex &#8230; <\/p>\n<div><a href=\"https:\/\/www.2020spaces.com\/pt-br\/solucoes\/kitchen-bath-designers\/\" class=\"more-link\">Read More<\/a><\/div>\n","protected":false},"author":79079,"featured_media":0,"parent":10683,"menu_order":0,"comment_status":"closed","ping_status":"closed","template":"template-blank-4.php","meta":{"_bbp_topic_count":0,"_bbp_reply_count":0,"_bbp_total_topic_count":0,"_bbp_total_reply_count":0,"_bbp_voice_count":0,"_bbp_anonymous_reply_count":0,"_bbp_topic_count_hidden":0,"_bbp_reply_count_hidden":0,"_bbp_forum_subforum_count":0,"footnotes":""},"categories":[],"class_list":["post-169842","page","type-page","status-publish","hentry","no-post-thumbnail"],"pp_force_visibility":null,"pp_subpost_visibility":null,"pp_inherited_force_visibility":null,"pp_inherited_subpost_visibility":null,"yoast_head":"<!-- This site is optimized with the Yoast SEO Premium plugin v27.4 (Yoast SEO v27.4) - https:\/\/yoast.com\/product\/yoast-seo-premium-wordpress\/ -->\n<title>Solu\u00e7\u00f5es para designers de cozinhas e banheiros<\/title>\n<meta name=\"description\" content=\"Descubra nossas solu\u00e7\u00f5es para designers de cozinhas e banheiros. 2020 ajuda os criativos a dar vida \u00e0s id\u00e9ias, inspirar a inova\u00e7\u00e3o e agilizar os processos.\" \/>\n<meta name=\"robots\" content=\"noindex, nofollow\" \/>\n<meta property=\"og:locale\" content=\"pt_BR\" \/>\n<meta property=\"og:type\" content=\"article\" \/>\n<meta property=\"og:title\" content=\"Solu\u00e7\u00f5es para designers de cozinhas e banheiros\" \/>\n<meta property=\"og:description\" content=\"Descubra nossas solu\u00e7\u00f5es para designers de cozinhas e banheiros. 2020 ajuda os criativos a dar vida \u00e0s id\u00e9ias, inspirar a inova\u00e7\u00e3o e agilizar os processos.\" \/>\n<meta property=\"og:url\" content=\"https:\/\/www.2020spaces.com\/pt-br\/solucoes\/kitchen-bath-designers\/\" \/>\n<meta property=\"og:site_name\" content=\"2020\" \/>\n<meta property=\"article:publisher\" content=\"https:\/\/www.facebook.com\/2020spaces\" \/>\n<meta property=\"article:modified_time\" content=\"2023-11-01T01:42:28+00:00\" \/>\n<meta name=\"twitter:card\" content=\"summary_large_image\" \/>\n<meta name=\"twitter:title\" content=\"Solutions for Kitchen and Bath Designers\" \/>\n<meta name=\"twitter:site\" content=\"@2020spaces\" \/>\n<meta name=\"twitter:label1\" content=\"Est. tempo de leitura\" \/>\n\t<meta name=\"twitter:data1\" content=\"9 minutos\" \/>\n<script type=\"application\/ld+json\" class=\"yoast-schema-graph\">{\"@context\":\"https:\\\/\\\/schema.org\",\"@graph\":[{\"@type\":\"WebPage\",\"@id\":\"https:\\\/\\\/www.2020spaces.com\\\/pt-br\\\/solucoes\\\/kitchen-bath-designers\\\/\",\"url\":\"https:\\\/\\\/www.2020spaces.com\\\/pt-br\\\/solucoes\\\/kitchen-bath-designers\\\/\",\"name\":\"Solu\u00e7\u00f5es para designers de cozinhas e banheiros\",\"isPartOf\":{\"@id\":\"https:\\\/\\\/www.2020spaces.com\\\/#website\"},\"datePublished\":\"2017-11-29T17:31:14+00:00\",\"dateModified\":\"2023-11-01T01:42:28+00:00\",\"description\":\"Descubra nossas solu\u00e7\u00f5es para designers de cozinhas e banheiros. 2020 ajuda os criativos a dar vida \u00e0s id\u00e9ias, inspirar a inova\u00e7\u00e3o e agilizar os processos.\",\"breadcrumb\":{\"@id\":\"https:\\\/\\\/www.2020spaces.com\\\/pt-br\\\/solucoes\\\/kitchen-bath-designers\\\/#breadcrumb\"},\"inLanguage\":\"pt-BR\",\"potentialAction\":[{\"@type\":\"ReadAction\",\"target\":[\"https:\\\/\\\/www.2020spaces.com\\\/pt-br\\\/solucoes\\\/kitchen-bath-designers\\\/\"]}]},{\"@type\":\"BreadcrumbList\",\"@id\":\"https:\\\/\\\/www.2020spaces.com\\\/pt-br\\\/solucoes\\\/kitchen-bath-designers\\\/#breadcrumb\",\"itemListElement\":[{\"@type\":\"ListItem\",\"position\":1,\"name\":\"Home\",\"item\":\"https:\\\/\\\/www.2020spaces.com\\\/pt-br\\\/pagina-inicial-2-2\\\/\"},{\"@type\":\"ListItem\",\"position\":2,\"name\":\"Solu\u00e7\u00f5es 2020\",\"item\":\"https:\\\/\\\/www.2020spaces.com\\\/pt-br\\\/solucoes\\\/\"},{\"@type\":\"ListItem\",\"position\":3,\"name\":\"Solutions for Kitchen and Bath Designers\"}]},{\"@type\":\"WebSite\",\"@id\":\"https:\\\/\\\/www.2020spaces.com\\\/#website\",\"url\":\"https:\\\/\\\/www.2020spaces.com\\\/\",\"name\":\"2020\",\"description\":\"Making Spaces for Life\u2122\",\"potentialAction\":[{\"@type\":\"SearchAction\",\"target\":{\"@type\":\"EntryPoint\",\"urlTemplate\":\"https:\\\/\\\/www.2020spaces.com\\\/?s={search_term_string}\"},\"query-input\":{\"@type\":\"PropertyValueSpecification\",\"valueRequired\":true,\"valueName\":\"search_term_string\"}}],\"inLanguage\":\"pt-BR\"}]}<\/script>\n<!-- \/ Yoast SEO Premium plugin. -->","yoast_head_json":{"title":"Solu\u00e7\u00f5es para designers de cozinhas e banheiros","description":"Descubra nossas solu\u00e7\u00f5es para designers de cozinhas e banheiros. 2020 ajuda os criativos a dar vida \u00e0s id\u00e9ias, inspirar a inova\u00e7\u00e3o e agilizar os processos.","robots":{"index":"noindex","follow":"nofollow"},"og_locale":"pt_BR","og_type":"article","og_title":"Solu\u00e7\u00f5es para designers de cozinhas e banheiros","og_description":"Descubra nossas solu\u00e7\u00f5es para designers de cozinhas e banheiros. 2020 ajuda os criativos a dar vida \u00e0s id\u00e9ias, inspirar a inova\u00e7\u00e3o e agilizar os processos.","og_url":"https:\/\/www.2020spaces.com\/pt-br\/solucoes\/kitchen-bath-designers\/","og_site_name":"2020","article_publisher":"https:\/\/www.facebook.com\/2020spaces","article_modified_time":"2023-11-01T01:42:28+00:00","twitter_card":"summary_large_image","twitter_title":"Solutions for Kitchen and Bath Designers","twitter_site":"@2020spaces","twitter_misc":{"Est. tempo de leitura":"9 minutos"},"schema":{"@context":"https:\/\/schema.org","@graph":[{"@type":"WebPage","@id":"https:\/\/www.2020spaces.com\/pt-br\/solucoes\/kitchen-bath-designers\/","url":"https:\/\/www.2020spaces.com\/pt-br\/solucoes\/kitchen-bath-designers\/","name":"Solu\u00e7\u00f5es para designers de cozinhas e banheiros","isPartOf":{"@id":"https:\/\/www.2020spaces.com\/#website"},"datePublished":"2017-11-29T17:31:14+00:00","dateModified":"2023-11-01T01:42:28+00:00","description":"Descubra nossas solu\u00e7\u00f5es para designers de cozinhas e banheiros. 2020 ajuda os criativos a dar vida \u00e0s id\u00e9ias, inspirar a inova\u00e7\u00e3o e agilizar os processos.","breadcrumb":{"@id":"https:\/\/www.2020spaces.com\/pt-br\/solucoes\/kitchen-bath-designers\/#breadcrumb"},"inLanguage":"pt-BR","potentialAction":[{"@type":"ReadAction","target":["https:\/\/www.2020spaces.com\/pt-br\/solucoes\/kitchen-bath-designers\/"]}]},{"@type":"BreadcrumbList","@id":"https:\/\/www.2020spaces.com\/pt-br\/solucoes\/kitchen-bath-designers\/#breadcrumb","itemListElement":[{"@type":"ListItem","position":1,"name":"Home","item":"https:\/\/www.2020spaces.com\/pt-br\/pagina-inicial-2-2\/"},{"@type":"ListItem","position":2,"name":"Solu\u00e7\u00f5es 2020","item":"https:\/\/www.2020spaces.com\/pt-br\/solucoes\/"},{"@type":"ListItem","position":3,"name":"Solutions for Kitchen and Bath Designers"}]},{"@type":"WebSite","@id":"https:\/\/www.2020spaces.com\/#website","url":"https:\/\/www.2020spaces.com\/","name":"2020","description":"Making Spaces for Life\u2122","potentialAction":[{"@type":"SearchAction","target":{"@type":"EntryPoint","urlTemplate":"https:\/\/www.2020spaces.com\/?s={search_term_string}"},"query-input":{"@type":"PropertyValueSpecification","valueRequired":true,"valueName":"search_term_string"}}],"inLanguage":"pt-BR"}]}},"_links":{"self":[{"href":"https:\/\/www.2020spaces.com\/pt-br\/wp-json\/wp\/v2\/pages\/169842","targetHints":{"allow":["GET"]}}],"collection":[{"href":"https:\/\/www.2020spaces.com\/pt-br\/wp-json\/wp\/v2\/pages"}],"about":[{"href":"https:\/\/www.2020spaces.com\/pt-br\/wp-json\/wp\/v2\/types\/page"}],"author":[{"embeddable":true,"href":"https:\/\/www.2020spaces.com\/pt-br\/wp-json\/wp\/v2\/users\/79079"}],"replies":[{"embeddable":true,"href":"https:\/\/www.2020spaces.com\/pt-br\/wp-json\/wp\/v2\/comments?post=169842"}],"version-history":[{"count":0,"href":"https:\/\/www.2020spaces.com\/pt-br\/wp-json\/wp\/v2\/pages\/169842\/revisions"}],"up":[{"embeddable":true,"href":"https:\/\/www.2020spaces.com\/pt-br\/wp-json\/wp\/v2\/pages\/10683"}],"wp:attachment":[{"href":"https:\/\/www.2020spaces.com\/pt-br\/wp-json\/wp\/v2\/media?parent=169842"}],"wp:term":[{"taxonomy":"category","embeddable":true,"href":"https:\/\/www.2020spaces.com\/pt-br\/wp-json\/wp\/v2\/categories?post=169842"}],"curies":[{"name":"wp","href":"https:\/\/api.w.org\/{rel}","templated":true}]}}