{"id":204022,"date":"2018-10-03T13:37:42","date_gmt":"2018-10-03T17:37:42","guid":{"rendered":"https:\/\/www.2020spaces.com\/suporte\/renew\/"},"modified":"2023-05-05T05:30:28","modified_gmt":"2023-05-05T09:30:28","slug":"reativar","status":"publish","type":"page","link":"https:\/\/www.2020spaces.com\/pt-br\/suporte\/reativar\/","title":{"rendered":"Reativar suporte"},"content":{"rendered":"<div id=\"cs-content\" class=\"cs-content\"><\/div>\n","protected":false},"excerpt":{"rendered":"<p>Renova\u00e7\u00e3o do Programa de Suporte Preenche o formul\u00e1rio para renovar o seu programa de suporte e continuar\u00a0a se beneficiar de:Atendimento telef\u00f4nico e por emailChat ao vivo com\u00a0a equipe de suporteAtualiza\u00e7\u00f5es de software gratuitasAcesso a\u00a0cat\u00e1logos de fabricanteRenderiza\u00e7\u00f5es panor\u00e2micas 360*E muito mais* S\u00f3 para 2020 Design e 2020 Fusion Contate-nos Mais de &#8230; <\/p>\n<div><a href=\"https:\/\/www.2020spaces.com\/pt-br\/suporte\/reativar\/\" class=\"more-link\">Read More<\/a><\/div>\n","protected":false},"author":5,"featured_media":0,"parent":10794,"menu_order":0,"comment_status":"closed","ping_status":"closed","template":"template-blank-4.php","meta":{"_bbp_topic_count":0,"_bbp_reply_count":0,"_bbp_total_topic_count":0,"_bbp_total_reply_count":0,"_bbp_voice_count":0,"_bbp_anonymous_reply_count":0,"_bbp_topic_count_hidden":0,"_bbp_reply_count_hidden":0,"_bbp_forum_subforum_count":0,"footnotes":""},"categories":[],"class_list":["post-204022","page","type-page","status-publish","hentry","no-post-thumbnail"],"pp_force_visibility":null,"pp_subpost_visibility":null,"pp_inherited_force_visibility":null,"pp_inherited_subpost_visibility":null,"yoast_head":"<!-- This site is optimized with the Yoast SEO Premium plugin v27.4 (Yoast SEO v27.4) - https:\/\/yoast.com\/product\/yoast-seo-premium-wordpress\/ -->\n<title>Reativar suporte | 2020 Spaces<\/title>\n<meta name=\"description\" content=\"Preencha o formul\u00e1rio para renovar seu plano de suporte e continuar a se beneficiar do acesso aos cat\u00e1logos dos fabricantes\" \/>\n<meta name=\"robots\" content=\"index, follow, max-snippet:-1, max-image-preview:large, max-video-preview:-1\" \/>\n<link rel=\"canonical\" href=\"https:\/\/www.2020spaces.com\/pt-br\/suporte\/reativar\/\" \/>\n<meta property=\"og:locale\" content=\"pt_BR\" \/>\n<meta property=\"og:type\" content=\"article\" \/>\n<meta property=\"og:title\" content=\"Reativar suporte\" \/>\n<meta property=\"og:description\" content=\"Preencha o formul\u00e1rio para renovar seu plano de suporte e continuar a se beneficiar do acesso aos cat\u00e1logos dos fabricantes\" \/>\n<meta property=\"og:url\" content=\"https:\/\/www.2020spaces.com\/pt-br\/suporte\/reativar\/\" \/>\n<meta property=\"og:site_name\" content=\"2020\" \/>\n<meta property=\"article:publisher\" content=\"https:\/\/www.facebook.com\/2020spaces\" \/>\n<meta property=\"article:modified_time\" content=\"2023-05-05T09:30:28+00:00\" \/>\n<meta name=\"twitter:card\" content=\"summary_large_image\" \/>\n<meta name=\"twitter:site\" content=\"@2020spaces\" \/>\n<meta name=\"twitter:label1\" content=\"Est. tempo de leitura\" \/>\n\t<meta name=\"twitter:data1\" content=\"1 minuto\" \/>\n<script type=\"application\/ld+json\" class=\"yoast-schema-graph\">{\"@context\":\"https:\\\/\\\/schema.org\",\"@graph\":[{\"@type\":\"WebPage\",\"@id\":\"https:\\\/\\\/www.2020spaces.com\\\/pt-br\\\/suporte\\\/reativar\\\/\",\"url\":\"https:\\\/\\\/www.2020spaces.com\\\/pt-br\\\/suporte\\\/reativar\\\/\",\"name\":\"Reativar suporte | 2020 Spaces\",\"isPartOf\":{\"@id\":\"https:\\\/\\\/www.2020spaces.com\\\/#website\"},\"datePublished\":\"2018-10-03T17:37:42+00:00\",\"dateModified\":\"2023-05-05T09:30:28+00:00\",\"description\":\"Preencha o formul\u00e1rio para renovar seu plano de suporte e continuar a se beneficiar do acesso aos cat\u00e1logos dos fabricantes\",\"breadcrumb\":{\"@id\":\"https:\\\/\\\/www.2020spaces.com\\\/pt-br\\\/suporte\\\/reativar\\\/#breadcrumb\"},\"inLanguage\":\"pt-BR\",\"potentialAction\":[{\"@type\":\"ReadAction\",\"target\":[\"https:\\\/\\\/www.2020spaces.com\\\/pt-br\\\/suporte\\\/reativar\\\/\"]}]},{\"@type\":\"BreadcrumbList\",\"@id\":\"https:\\\/\\\/www.2020spaces.com\\\/pt-br\\\/suporte\\\/reativar\\\/#breadcrumb\",\"itemListElement\":[{\"@type\":\"ListItem\",\"position\":1,\"name\":\"Home\",\"item\":\"https:\\\/\\\/www.2020spaces.com\\\/pt-br\\\/pagina-inicial-2-2\\\/\"},{\"@type\":\"ListItem\",\"position\":2,\"name\":\"Suporte\",\"item\":\"https:\\\/\\\/www.2020spaces.com\\\/pt-br\\\/suporte\\\/\"},{\"@type\":\"ListItem\",\"position\":3,\"name\":\"Reativar suporte\"}]},{\"@type\":\"WebSite\",\"@id\":\"https:\\\/\\\/www.2020spaces.com\\\/#website\",\"url\":\"https:\\\/\\\/www.2020spaces.com\\\/\",\"name\":\"2020\",\"description\":\"Making Spaces for Life\u2122\",\"potentialAction\":[{\"@type\":\"SearchAction\",\"target\":{\"@type\":\"EntryPoint\",\"urlTemplate\":\"https:\\\/\\\/www.2020spaces.com\\\/?s={search_term_string}\"},\"query-input\":{\"@type\":\"PropertyValueSpecification\",\"valueRequired\":true,\"valueName\":\"search_term_string\"}}],\"inLanguage\":\"pt-BR\"}]}<\/script>\n<!-- \/ Yoast SEO Premium plugin. -->","yoast_head_json":{"title":"Reativar suporte | 2020 Spaces","description":"Preencha o formul\u00e1rio para renovar seu plano de suporte e continuar a se beneficiar do acesso aos cat\u00e1logos dos fabricantes","robots":{"index":"index","follow":"follow","max-snippet":"max-snippet:-1","max-image-preview":"max-image-preview:large","max-video-preview":"max-video-preview:-1"},"canonical":"https:\/\/www.2020spaces.com\/pt-br\/suporte\/reativar\/","og_locale":"pt_BR","og_type":"article","og_title":"Reativar suporte","og_description":"Preencha o formul\u00e1rio para renovar seu plano de suporte e continuar a se beneficiar do acesso aos cat\u00e1logos dos fabricantes","og_url":"https:\/\/www.2020spaces.com\/pt-br\/suporte\/reativar\/","og_site_name":"2020","article_publisher":"https:\/\/www.facebook.com\/2020spaces","article_modified_time":"2023-05-05T09:30:28+00:00","twitter_card":"summary_large_image","twitter_site":"@2020spaces","twitter_misc":{"Est. tempo de leitura":"1 minuto"},"schema":{"@context":"https:\/\/schema.org","@graph":[{"@type":"WebPage","@id":"https:\/\/www.2020spaces.com\/pt-br\/suporte\/reativar\/","url":"https:\/\/www.2020spaces.com\/pt-br\/suporte\/reativar\/","name":"Reativar suporte | 2020 Spaces","isPartOf":{"@id":"https:\/\/www.2020spaces.com\/#website"},"datePublished":"2018-10-03T17:37:42+00:00","dateModified":"2023-05-05T09:30:28+00:00","description":"Preencha o formul\u00e1rio para renovar seu plano de suporte e continuar a se beneficiar do acesso aos cat\u00e1logos dos fabricantes","breadcrumb":{"@id":"https:\/\/www.2020spaces.com\/pt-br\/suporte\/reativar\/#breadcrumb"},"inLanguage":"pt-BR","potentialAction":[{"@type":"ReadAction","target":["https:\/\/www.2020spaces.com\/pt-br\/suporte\/reativar\/"]}]},{"@type":"BreadcrumbList","@id":"https:\/\/www.2020spaces.com\/pt-br\/suporte\/reativar\/#breadcrumb","itemListElement":[{"@type":"ListItem","position":1,"name":"Home","item":"https:\/\/www.2020spaces.com\/pt-br\/pagina-inicial-2-2\/"},{"@type":"ListItem","position":2,"name":"Suporte","item":"https:\/\/www.2020spaces.com\/pt-br\/suporte\/"},{"@type":"ListItem","position":3,"name":"Reativar suporte"}]},{"@type":"WebSite","@id":"https:\/\/www.2020spaces.com\/#website","url":"https:\/\/www.2020spaces.com\/","name":"2020","description":"Making Spaces for Life\u2122","potentialAction":[{"@type":"SearchAction","target":{"@type":"EntryPoint","urlTemplate":"https:\/\/www.2020spaces.com\/?s={search_term_string}"},"query-input":{"@type":"PropertyValueSpecification","valueRequired":true,"valueName":"search_term_string"}}],"inLanguage":"pt-BR"}]}},"_links":{"self":[{"href":"https:\/\/www.2020spaces.com\/pt-br\/wp-json\/wp\/v2\/pages\/204022","targetHints":{"allow":["GET"]}}],"collection":[{"href":"https:\/\/www.2020spaces.com\/pt-br\/wp-json\/wp\/v2\/pages"}],"about":[{"href":"https:\/\/www.2020spaces.com\/pt-br\/wp-json\/wp\/v2\/types\/page"}],"author":[{"embeddable":true,"href":"https:\/\/www.2020spaces.com\/pt-br\/wp-json\/wp\/v2\/users\/5"}],"replies":[{"embeddable":true,"href":"https:\/\/www.2020spaces.com\/pt-br\/wp-json\/wp\/v2\/comments?post=204022"}],"version-history":[{"count":0,"href":"https:\/\/www.2020spaces.com\/pt-br\/wp-json\/wp\/v2\/pages\/204022\/revisions"}],"up":[{"embeddable":true,"href":"https:\/\/www.2020spaces.com\/pt-br\/wp-json\/wp\/v2\/pages\/10794"}],"wp:attachment":[{"href":"https:\/\/www.2020spaces.com\/pt-br\/wp-json\/wp\/v2\/media?parent=204022"}],"wp:term":[{"taxonomy":"category","embeddable":true,"href":"https:\/\/www.2020spaces.com\/pt-br\/wp-json\/wp\/v2\/categories?post=204022"}],"curies":[{"name":"wp","href":"https:\/\/api.w.org\/{rel}","templated":true}]}}