{"id":317744,"date":"2020-12-21T14:10:48","date_gmt":"2020-12-21T19:10:48","guid":{"rendered":"https:\/\/www.2020spaces.com\/mes-summit\/"},"modified":"2023-06-08T05:47:28","modified_gmt":"2023-06-08T09:47:28","slug":"%d1%81%d0%b0%d0%bc%d0%bc%d0%b8%d1%82-mes-2021","status":"publish","type":"page","link":"https:\/\/www.2020spaces.com\/ru\/%d1%81%d0%b0%d0%bc%d0%bc%d0%b8%d1%82-mes-2021\/","title":{"rendered":"\u0421\u0430\u043c\u043c\u0438\u0442 MES 2021"},"content":{"rendered":"<div id=\"cs-content\" class=\"cs-content\"><\/div>\n","protected":false},"excerpt":{"rendered":"<p>Bald ist es soweit, OLE 2020 beginnt. Sie haben noch nie etwas von OLE geh\u00f6rt?Nicht verwunderlich. OLE ist der Name des ersten virtuellen Events f\u00fcr Objekt- und Ladenbauer der Firma 2020 Technologies GmbH.Nachdem s\u00e4mtliche Events wie z.B. die Holzhandwerk und die DLV Ladenbautagung abgesagt wurden, haben wir uns kurzerhand dazu &#8230; <\/p>\n<div><a href=\"https:\/\/www.2020spaces.com\/ru\/%d1%81%d0%b0%d0%bc%d0%bc%d0%b8%d1%82-mes-2021\/\" class=\"more-link\">Read More<\/a><\/div>\n","protected":false},"author":26709,"featured_media":311299,"parent":0,"menu_order":0,"comment_status":"closed","ping_status":"closed","template":"template-blank-4.php","meta":{"_bbp_topic_count":0,"_bbp_reply_count":0,"_bbp_total_topic_count":0,"_bbp_total_reply_count":0,"_bbp_voice_count":0,"_bbp_anonymous_reply_count":0,"_bbp_topic_count_hidden":0,"_bbp_reply_count_hidden":0,"_bbp_forum_subforum_count":0,"footnotes":""},"categories":[],"class_list":["post-317744","page","type-page","status-publish","has-post-thumbnail","hentry"],"pp_force_visibility":null,"pp_subpost_visibility":null,"pp_inherited_force_visibility":null,"pp_inherited_subpost_visibility":null,"yoast_head":"<!-- This site is optimized with the Yoast SEO Premium plugin v27.4 (Yoast SEO v27.4) - https:\/\/yoast.com\/product\/yoast-seo-premium-wordpress\/ -->\n<title>\u0421\u0430\u043c\u043c\u0438\u0442 MES 2021 - 2020<\/title>\n<meta name=\"description\" content=\"\u0421\u0435\u0440\u0434\u0435\u0447\u043d\u043e \u043f\u0440\u0438\u0433\u043b\u0430\u0448\u0430\u0435\u043c \u0432\u0430\u0441 \u043f\u0440\u0438\u043d\u044f\u0442\u044c \u0443\u0447\u0430\u0441\u0442\u0438\u0435 \u0432 \u0432\u0438\u0440\u0442\u0443\u0430\u043b\u044c\u043d\u043e\u043c \u0441\u0430\u043c\u043c\u0438\u0442\u0435 MES 2021! \u041f\u0440\u0438\u0441\u043e\u0435\u0434\u0438\u043d\u044f\u0439\u0442\u0435\u0441\u044c \u0438 \u0431\u0443\u0434\u044c\u0442\u0435 \u0432 \u043f\u0435\u0440\u0432\u044b\u0445 \u0440\u044f\u0434\u0430\u0445, \u043a\u043e\u0433\u0434\u0430\" \/>\n<meta name=\"robots\" content=\"index, follow, max-snippet:-1, max-image-preview:large, max-video-preview:-1\" \/>\n<link rel=\"canonical\" href=\"https:\/\/www.2020spaces.com\/ru\/\u0441\u0430\u043c\u043c\u0438\u0442-mes-2021\/\" \/>\n<meta property=\"og:locale\" content=\"ru_RU\" \/>\n<meta property=\"og:type\" content=\"article\" \/>\n<meta property=\"og:title\" content=\"\u0441\u0430\u043c\u043c\u0438\u0442-mes-2021\" \/>\n<meta property=\"og:description\" content=\"\u0421\u0435\u0440\u0434\u0435\u0447\u043d\u043e \u043f\u0440\u0438\u0433\u043b\u0430\u0448\u0430\u0435\u043c \u0432\u0430\u0441 \u043f\u0440\u0438\u043d\u044f\u0442\u044c \u0443\u0447\u0430\u0441\u0442\u0438\u0435 \u0432 \u0432\u0438\u0440\u0442\u0443\u0430\u043b\u044c\u043d\u043e\u043c \u0441\u0430\u043c\u043c\u0438\u0442\u0435 MES 2021!\" \/>\n<meta property=\"og:url\" content=\"https:\/\/www.2020spaces.com\/ru\/\u0441\u0430\u043c\u043c\u0438\u0442-mes-2021\/\" \/>\n<meta property=\"og:site_name\" content=\"2020\" \/>\n<meta property=\"article:publisher\" content=\"https:\/\/www.facebook.com\/2020spaces\" \/>\n<meta property=\"article:modified_time\" content=\"2023-06-08T09:47:28+00:00\" \/>\n<meta property=\"og:image\" content=\"https:\/\/www.2020spaces.com\/wp-content\/uploads\/2021\/02\/Social-I-MES-Summit1200x630rus.jpg\" \/>\n\t<meta property=\"og:image:width\" content=\"1200\" \/>\n\t<meta property=\"og:image:height\" content=\"630\" \/>\n\t<meta property=\"og:image:type\" content=\"image\/jpeg\" \/>\n<meta name=\"twitter:card\" content=\"summary_large_image\" \/>\n<meta name=\"twitter:title\" content=\"\u0441\u0430\u043c\u043c\u0438\u0442-mes-2021\" \/>\n<meta name=\"twitter:description\" content=\"\u0421\u0435\u0440\u0434\u0435\u0447\u043d\u043e \u043f\u0440\u0438\u0433\u043b\u0430\u0448\u0430\u0435\u043c \u0432\u0430\u0441 \u043f\u0440\u0438\u043d\u044f\u0442\u044c \u0443\u0447\u0430\u0441\u0442\u0438\u0435 \u0432 \u0432\u0438\u0440\u0442\u0443\u0430\u043b\u044c\u043d\u043e\u043c \u0441\u0430\u043c\u043c\u0438\u0442\u0435 MES 2021!\" \/>\n<meta name=\"twitter:image\" content=\"https:\/\/www.2020spaces.com\/wp-content\/uploads\/2021\/02\/Social-I-MES-Summit1200x630rus.jpg\" \/>\n<meta name=\"twitter:site\" content=\"@2020spaces\" \/>\n<meta name=\"twitter:label1\" content=\"\u041f\u0440\u0438\u043c\u0435\u0440\u043d\u043e\u0435 \u0432\u0440\u0435\u043c\u044f \u0434\u043b\u044f \u0447\u0442\u0435\u043d\u0438\u044f\" \/>\n\t<meta name=\"twitter:data1\" content=\"6 \u043c\u0438\u043d\u0443\u0442\" \/>\n<script type=\"application\/ld+json\" class=\"yoast-schema-graph\">{\"@context\":\"https:\\\/\\\/schema.org\",\"@graph\":[{\"@type\":\"WebPage\",\"@id\":\"https:\\\/\\\/www.2020spaces.com\\\/ru\\\/%d1%81%d0%b0%d0%bc%d0%bc%d0%b8%d1%82-mes-2021\\\/\",\"url\":\"https:\\\/\\\/www.2020spaces.com\\\/ru\\\/%d1%81%d0%b0%d0%bc%d0%bc%d0%b8%d1%82-mes-2021\\\/\",\"name\":\"\u0421\u0430\u043c\u043c\u0438\u0442 MES 2021 - 2020\",\"isPartOf\":{\"@id\":\"https:\\\/\\\/www.2020spaces.com\\\/#website\"},\"primaryImageOfPage\":{\"@id\":\"https:\\\/\\\/www.2020spaces.com\\\/ru\\\/%d1%81%d0%b0%d0%bc%d0%bc%d0%b8%d1%82-mes-2021\\\/#primaryimage\"},\"image\":{\"@id\":\"https:\\\/\\\/www.2020spaces.com\\\/ru\\\/%d1%81%d0%b0%d0%bc%d0%bc%d0%b8%d1%82-mes-2021\\\/#primaryimage\"},\"thumbnailUrl\":\"https:\\\/\\\/www.2020spaces.com\\\/wp-content\\\/uploads\\\/2020\\\/12\\\/Featured-400x323-MES-summit.jpg\",\"datePublished\":\"2020-12-21T19:10:48+00:00\",\"dateModified\":\"2023-06-08T09:47:28+00:00\",\"description\":\"\u0421\u0435\u0440\u0434\u0435\u0447\u043d\u043e \u043f\u0440\u0438\u0433\u043b\u0430\u0448\u0430\u0435\u043c \u0432\u0430\u0441 \u043f\u0440\u0438\u043d\u044f\u0442\u044c \u0443\u0447\u0430\u0441\u0442\u0438\u0435 \u0432 \u0432\u0438\u0440\u0442\u0443\u0430\u043b\u044c\u043d\u043e\u043c \u0441\u0430\u043c\u043c\u0438\u0442\u0435 MES 2021! \u041f\u0440\u0438\u0441\u043e\u0435\u0434\u0438\u043d\u044f\u0439\u0442\u0435\u0441\u044c \u0438 \u0431\u0443\u0434\u044c\u0442\u0435 \u0432 \u043f\u0435\u0440\u0432\u044b\u0445 \u0440\u044f\u0434\u0430\u0445, \u043a\u043e\u0433\u0434\u0430\",\"breadcrumb\":{\"@id\":\"https:\\\/\\\/www.2020spaces.com\\\/ru\\\/%d1%81%d0%b0%d0%bc%d0%bc%d0%b8%d1%82-mes-2021\\\/#breadcrumb\"},\"inLanguage\":\"ru-RU\",\"potentialAction\":[{\"@type\":\"ReadAction\",\"target\":[\"https:\\\/\\\/www.2020spaces.com\\\/ru\\\/%d1%81%d0%b0%d0%bc%d0%bc%d0%b8%d1%82-mes-2021\\\/\"]}]},{\"@type\":\"ImageObject\",\"inLanguage\":\"ru-RU\",\"@id\":\"https:\\\/\\\/www.2020spaces.com\\\/ru\\\/%d1%81%d0%b0%d0%bc%d0%bc%d0%b8%d1%82-mes-2021\\\/#primaryimage\",\"url\":\"https:\\\/\\\/www.2020spaces.com\\\/wp-content\\\/uploads\\\/2020\\\/12\\\/Featured-400x323-MES-summit.jpg\",\"contentUrl\":\"https:\\\/\\\/www.2020spaces.com\\\/wp-content\\\/uploads\\\/2020\\\/12\\\/Featured-400x323-MES-summit.jpg\",\"width\":400,\"height\":323,\"caption\":\"MES Summit 2021\"},{\"@type\":\"BreadcrumbList\",\"@id\":\"https:\\\/\\\/www.2020spaces.com\\\/ru\\\/%d1%81%d0%b0%d0%bc%d0%bc%d0%b8%d1%82-mes-2021\\\/#breadcrumb\",\"itemListElement\":[{\"@type\":\"ListItem\",\"position\":1,\"name\":\"Home\",\"item\":\"https:\\\/\\\/www.2020spaces.com\\\/ru\\\/%d0%b3%d0%bb%d0%b0%d0%b2%d0%bd%d0%b0%d1%8f-2-2\\\/\"},{\"@type\":\"ListItem\",\"position\":2,\"name\":\"\u0421\u0430\u043c\u043c\u0438\u0442 MES 2021\"}]},{\"@type\":\"WebSite\",\"@id\":\"https:\\\/\\\/www.2020spaces.com\\\/#website\",\"url\":\"https:\\\/\\\/www.2020spaces.com\\\/\",\"name\":\"2020\",\"description\":\"Making Spaces for Life\u2122\",\"potentialAction\":[{\"@type\":\"SearchAction\",\"target\":{\"@type\":\"EntryPoint\",\"urlTemplate\":\"https:\\\/\\\/www.2020spaces.com\\\/?s={search_term_string}\"},\"query-input\":{\"@type\":\"PropertyValueSpecification\",\"valueRequired\":true,\"valueName\":\"search_term_string\"}}],\"inLanguage\":\"ru-RU\"}]}<\/script>\n<!-- \/ Yoast SEO Premium plugin. -->","yoast_head_json":{"title":"\u0421\u0430\u043c\u043c\u0438\u0442 MES 2021 - 2020","description":"\u0421\u0435\u0440\u0434\u0435\u0447\u043d\u043e \u043f\u0440\u0438\u0433\u043b\u0430\u0448\u0430\u0435\u043c \u0432\u0430\u0441 \u043f\u0440\u0438\u043d\u044f\u0442\u044c \u0443\u0447\u0430\u0441\u0442\u0438\u0435 \u0432 \u0432\u0438\u0440\u0442\u0443\u0430\u043b\u044c\u043d\u043e\u043c \u0441\u0430\u043c\u043c\u0438\u0442\u0435 MES 2021! \u041f\u0440\u0438\u0441\u043e\u0435\u0434\u0438\u043d\u044f\u0439\u0442\u0435\u0441\u044c \u0438 \u0431\u0443\u0434\u044c\u0442\u0435 \u0432 \u043f\u0435\u0440\u0432\u044b\u0445 \u0440\u044f\u0434\u0430\u0445, \u043a\u043e\u0433\u0434\u0430","robots":{"index":"index","follow":"follow","max-snippet":"max-snippet:-1","max-image-preview":"max-image-preview:large","max-video-preview":"max-video-preview:-1"},"canonical":"https:\/\/www.2020spaces.com\/ru\/\u0441\u0430\u043c\u043c\u0438\u0442-mes-2021\/","og_locale":"ru_RU","og_type":"article","og_title":"\u0441\u0430\u043c\u043c\u0438\u0442-mes-2021","og_description":"\u0421\u0435\u0440\u0434\u0435\u0447\u043d\u043e \u043f\u0440\u0438\u0433\u043b\u0430\u0448\u0430\u0435\u043c \u0432\u0430\u0441 \u043f\u0440\u0438\u043d\u044f\u0442\u044c \u0443\u0447\u0430\u0441\u0442\u0438\u0435 \u0432 \u0432\u0438\u0440\u0442\u0443\u0430\u043b\u044c\u043d\u043e\u043c \u0441\u0430\u043c\u043c\u0438\u0442\u0435 MES 2021!","og_url":"https:\/\/www.2020spaces.com\/ru\/\u0441\u0430\u043c\u043c\u0438\u0442-mes-2021\/","og_site_name":"2020","article_publisher":"https:\/\/www.facebook.com\/2020spaces","article_modified_time":"2023-06-08T09:47:28+00:00","og_image":[{"width":1200,"height":630,"url":"https:\/\/www.2020spaces.com\/wp-content\/uploads\/2021\/02\/Social-I-MES-Summit1200x630rus.jpg","type":"image\/jpeg"}],"twitter_card":"summary_large_image","twitter_title":"\u0441\u0430\u043c\u043c\u0438\u0442-mes-2021","twitter_description":"\u0421\u0435\u0440\u0434\u0435\u0447\u043d\u043e \u043f\u0440\u0438\u0433\u043b\u0430\u0448\u0430\u0435\u043c \u0432\u0430\u0441 \u043f\u0440\u0438\u043d\u044f\u0442\u044c \u0443\u0447\u0430\u0441\u0442\u0438\u0435 \u0432 \u0432\u0438\u0440\u0442\u0443\u0430\u043b\u044c\u043d\u043e\u043c \u0441\u0430\u043c\u043c\u0438\u0442\u0435 MES 2021!","twitter_image":"https:\/\/www.2020spaces.com\/wp-content\/uploads\/2021\/02\/Social-I-MES-Summit1200x630rus.jpg","twitter_site":"@2020spaces","twitter_misc":{"\u041f\u0440\u0438\u043c\u0435\u0440\u043d\u043e\u0435 \u0432\u0440\u0435\u043c\u044f \u0434\u043b\u044f \u0447\u0442\u0435\u043d\u0438\u044f":"6 \u043c\u0438\u043d\u0443\u0442"},"schema":{"@context":"https:\/\/schema.org","@graph":[{"@type":"WebPage","@id":"https:\/\/www.2020spaces.com\/ru\/%d1%81%d0%b0%d0%bc%d0%bc%d0%b8%d1%82-mes-2021\/","url":"https:\/\/www.2020spaces.com\/ru\/%d1%81%d0%b0%d0%bc%d0%bc%d0%b8%d1%82-mes-2021\/","name":"\u0421\u0430\u043c\u043c\u0438\u0442 MES 2021 - 2020","isPartOf":{"@id":"https:\/\/www.2020spaces.com\/#website"},"primaryImageOfPage":{"@id":"https:\/\/www.2020spaces.com\/ru\/%d1%81%d0%b0%d0%bc%d0%bc%d0%b8%d1%82-mes-2021\/#primaryimage"},"image":{"@id":"https:\/\/www.2020spaces.com\/ru\/%d1%81%d0%b0%d0%bc%d0%bc%d0%b8%d1%82-mes-2021\/#primaryimage"},"thumbnailUrl":"https:\/\/www.2020spaces.com\/wp-content\/uploads\/2020\/12\/Featured-400x323-MES-summit.jpg","datePublished":"2020-12-21T19:10:48+00:00","dateModified":"2023-06-08T09:47:28+00:00","description":"\u0421\u0435\u0440\u0434\u0435\u0447\u043d\u043e \u043f\u0440\u0438\u0433\u043b\u0430\u0448\u0430\u0435\u043c \u0432\u0430\u0441 \u043f\u0440\u0438\u043d\u044f\u0442\u044c \u0443\u0447\u0430\u0441\u0442\u0438\u0435 \u0432 \u0432\u0438\u0440\u0442\u0443\u0430\u043b\u044c\u043d\u043e\u043c \u0441\u0430\u043c\u043c\u0438\u0442\u0435 MES 2021! \u041f\u0440\u0438\u0441\u043e\u0435\u0434\u0438\u043d\u044f\u0439\u0442\u0435\u0441\u044c \u0438 \u0431\u0443\u0434\u044c\u0442\u0435 \u0432 \u043f\u0435\u0440\u0432\u044b\u0445 \u0440\u044f\u0434\u0430\u0445, \u043a\u043e\u0433\u0434\u0430","breadcrumb":{"@id":"https:\/\/www.2020spaces.com\/ru\/%d1%81%d0%b0%d0%bc%d0%bc%d0%b8%d1%82-mes-2021\/#breadcrumb"},"inLanguage":"ru-RU","potentialAction":[{"@type":"ReadAction","target":["https:\/\/www.2020spaces.com\/ru\/%d1%81%d0%b0%d0%bc%d0%bc%d0%b8%d1%82-mes-2021\/"]}]},{"@type":"ImageObject","inLanguage":"ru-RU","@id":"https:\/\/www.2020spaces.com\/ru\/%d1%81%d0%b0%d0%bc%d0%bc%d0%b8%d1%82-mes-2021\/#primaryimage","url":"https:\/\/www.2020spaces.com\/wp-content\/uploads\/2020\/12\/Featured-400x323-MES-summit.jpg","contentUrl":"https:\/\/www.2020spaces.com\/wp-content\/uploads\/2020\/12\/Featured-400x323-MES-summit.jpg","width":400,"height":323,"caption":"MES Summit 2021"},{"@type":"BreadcrumbList","@id":"https:\/\/www.2020spaces.com\/ru\/%d1%81%d0%b0%d0%bc%d0%bc%d0%b8%d1%82-mes-2021\/#breadcrumb","itemListElement":[{"@type":"ListItem","position":1,"name":"Home","item":"https:\/\/www.2020spaces.com\/ru\/%d0%b3%d0%bb%d0%b0%d0%b2%d0%bd%d0%b0%d1%8f-2-2\/"},{"@type":"ListItem","position":2,"name":"\u0421\u0430\u043c\u043c\u0438\u0442 MES 2021"}]},{"@type":"WebSite","@id":"https:\/\/www.2020spaces.com\/#website","url":"https:\/\/www.2020spaces.com\/","name":"2020","description":"Making Spaces for Life\u2122","potentialAction":[{"@type":"SearchAction","target":{"@type":"EntryPoint","urlTemplate":"https:\/\/www.2020spaces.com\/?s={search_term_string}"},"query-input":{"@type":"PropertyValueSpecification","valueRequired":true,"valueName":"search_term_string"}}],"inLanguage":"ru-RU"}]}},"_links":{"self":[{"href":"https:\/\/www.2020spaces.com\/ru\/wp-json\/wp\/v2\/pages\/317744","targetHints":{"allow":["GET"]}}],"collection":[{"href":"https:\/\/www.2020spaces.com\/ru\/wp-json\/wp\/v2\/pages"}],"about":[{"href":"https:\/\/www.2020spaces.com\/ru\/wp-json\/wp\/v2\/types\/page"}],"author":[{"embeddable":true,"href":"https:\/\/www.2020spaces.com\/ru\/wp-json\/wp\/v2\/users\/26709"}],"replies":[{"embeddable":true,"href":"https:\/\/www.2020spaces.com\/ru\/wp-json\/wp\/v2\/comments?post=317744"}],"version-history":[{"count":0,"href":"https:\/\/www.2020spaces.com\/ru\/wp-json\/wp\/v2\/pages\/317744\/revisions"}],"wp:featuredmedia":[{"embeddable":true,"href":"https:\/\/www.2020spaces.com\/ru\/wp-json\/wp\/v2\/media\/311299"}],"wp:attachment":[{"href":"https:\/\/www.2020spaces.com\/ru\/wp-json\/wp\/v2\/media?parent=317744"}],"wp:term":[{"taxonomy":"category","embeddable":true,"href":"https:\/\/www.2020spaces.com\/ru\/wp-json\/wp\/v2\/categories?post=317744"}],"curies":[{"name":"wp","href":"https:\/\/api.w.org\/{rel}","templated":true}]}}